{"id":310,"date":"2020-02-26T10:33:12","date_gmt":"2020-02-26T08:33:12","guid":{"rendered":"https:\/\/jussec.fi\/?page_id=310"},"modified":"2020-02-26T10:33:12","modified_gmt":"2020-02-26T08:33:12","slug":"jarjestyksenvalvojan-peruskurssi-40h-kuopio-10-3-29-4-2020","status":"publish","type":"page","link":"https:\/\/jussec.fi\/index.php\/jarjestyksenvalvojan-peruskurssi-40h-kuopio-10-3-29-4-2020\/","title":{"rendered":"J\u00e4rjestyksenvalvojan peruskurssi (40h)         Kuopio 10.3.-29.4.2020"},"content":{"rendered":"\n<div class=\"wp-block-themeisle-blocks-advanced-columns has-1-columns has-desktop-equal-layout has-tablet-equal-layout has-mobile-equal-layout has-default-gap has-vertical-unset\" id=\"wp-block-themeisle-blocks-advanced-columns-741b0f96\" style=\"border-width:0px;border-style:solid;border-color:#000000;border-radius:0px;justify-content:unset\"><div class=\"wp-themeisle-block-overlay\" style=\"opacity:0.5;mix-blend-mode:normal\"><\/div><div class=\"innerblocks-wrap\">\n<div class=\"wp-block-themeisle-blocks-advanced-column\" id=\"wp-block-themeisle-blocks-advanced-column-dd0d71c3\" style=\"border-width:0px;border-style:solid;border-color:#000000;border-radius:0px\">\n<p><strong>Koulutuspaikat<\/strong><br>Kuopion kantakaupungin alueella. Selvi\u00e4v\u00e4t lopullisesti l\u00e4hiaikoina.<\/p>\n\n\n\n<p><strong>Hinta<\/strong><br>250e\/hl\u00f6 ( sis\u00e4lt\u00e4\u00e4 teoriaopetuksen ja k\u00e4yt\u00e4nn\u00f6n harjoitteet, lis\u00e4ksi perit\u00e4\u00e4n 15e materiaalimaksu, jos osallistuja haluaa koulutusmateriaalin kirjallisena. Lis\u00e4ksi mahdolliset uusintakokeet ja korvaava opetus veloitetaan erikseen. )<\/p>\n\n\n\n<p><strong>OHJELMA<\/strong><\/p>\n\n\n\n<p>Tiistai 10.3.2020 klo 17.30-21.00, kouluttaja Marko Nygr\u00e9n<br> \u2022    Kurssinavaus, kurssij\u00e4rjestelyt, sis\u00e4lt\u00f6 ja j\u00e4rjestyksenvalvojan peruskurssin tavoitteet<br> \u2022    1. Yleist\u00e4 j\u00e4rjestyksenvalvojan teht\u00e4vist\u00e4<br> \u2022    2. J\u00e4rjestyksenvalvojaksi hyv\u00e4ksyminen<br>           * J\u00e4rjestyksenvalvojakortti<br>           * J\u00e4rjestyksenvalvojan teht\u00e4v\u00e4t ja toimialue<br>           * J\u00e4rjestyksenvalvojan tunnukset<\/p>\n\n\n\n<p>Torstai 12.3.2020 klo 17.30-21.00, kouluttaja Marko Nygr\u00e9n    <br> \u2022    4. J\u00e4rjestyksenvalvojan yleisi\u00e4 periaatteita<br> \u2022    3. Perusoikeuksien huomioiminen<br> \u2022    5. J\u00e4rjestyksenvalvojan oikeudet ja velvollisuudet<br> \u2022    14. Alkoholijuoman v\u00e4hitt\u00e4ismyynti ja anniskelu<br> \u2022    21. Alkoholi, huumausaineet ja tupakka<\/p>\n\n\n\n<p>Tiistai 17.3.2020 klo 17.30-21.00, kouluttaja Mia J\u00e4rvinen<br> \u2022    H\u00e4t\u00e4ensiapu<\/p>\n\n\n\n<p>Torstai 19.3.2020 klo 17.30-21.00, kouluttaja Mia J\u00e4rvinen<br> \u2022    Pelastustoiminta<\/p>\n\n\n\n<p>Tiistai 7.4.2020 klo 17.30-21.00, kouluttaja Marko Nygr\u00e9n<br> \u2022    6. J\u00e4rjestyksenvalvojan rikosoikeudellinen asema, suoja, oikeusturva ja valvonta<br> \u2022    7. H\u00e4t\u00e4varjelu ja pakkotila<br> \u2022    8. J\u00e4rjestyksenvalvontaan liittyvi\u00e4 rikoksia<br> \u2022    20. Agressiivinen henkil\u00f6<\/p>\n\n\n\n<p>Keskiviikko 8.4.2020 klo 17.30-21.00, kouluttaja Marko Nygr\u00e9n<br> \u2022    10. Henkil\u00f6iden ja tavaroiden tarkastukset<br> \u2022    11. L\u00f6yt\u00f6tavaralaki<br> \u2022    22. J\u00e4rjestyslaki<\/p>\n\n\n\n<p>Lauantai 25.4.2020 klo 9.00-17.00, kouluttaja Matti Korhonen<br> \u2022    9. Voimakeinojen k\u00e4ytt\u00f6 ( teoria )<br> \u2022    Fyysisen voimank\u00e4yt\u00f6n perusteet ( k\u00e4yt\u00e4nt\u00f6 )<\/p>\n\n\n\n<p>Tiistai 28.4.2020 klo 17.30-21.00, kouluttaja Marko Nygr\u00e9n<br> \u2022    12. Kokoontumislain tilaisuudet ja tapahtumat<br> \u2022    13. Majoitus &#8211; ja ravitsemisliikkeet<br> \u2022    15. Leirint\u00e4alueet ja matkustaja-alukset<br> \u2022    16. J\u00e4rjestyksenvalvojan asettaminen \u2013 muut alueet ja paikat<br> \u2022    17. Suunnitelmat ja toimintaohjeet<br> \u2022    18. H\u00e4t\u00e4tilanteet<br> \u2022    19. Toimintaohjeet yleis\u00f6tilaisuudessa<\/p>\n\n\n\n<p>Keskiviikko 29.4.2020 klo 17.30-21.00, kouluttaja Marko Nygr\u00e9n<br> \u2022    Loppukoe, kokeen oikeat vastaukset, palautteen t\u00e4ytt\u00f6 ja kurssin lopetus<\/p>\n<\/div>\n<\/div><\/div>\n","protected":false},"excerpt":{"rendered":"","protected":false},"author":3,"featured_media":0,"parent":0,"menu_order":0,"comment_status":"closed","ping_status":"closed","template":"","meta":{"_exactmetrics_skip_tracking":false,"_exactmetrics_sitenote_active":false,"_exactmetrics_sitenote_note":"","_exactmetrics_sitenote_category":0,"_monsterinsights_skip_tracking":false,"_monsterinsights_sitenote_active":false,"_monsterinsights_sitenote_note":"","_monsterinsights_sitenote_category":0,"footnotes":""},"class_list":["post-310","page","type-page","status-publish","hentry"],"_links":{"self":[{"href":"https:\/\/jussec.fi\/index.php\/wp-json\/wp\/v2\/pages\/310"}],"collection":[{"href":"https:\/\/jussec.fi\/index.php\/wp-json\/wp\/v2\/pages"}],"about":[{"href":"https:\/\/jussec.fi\/index.php\/wp-json\/wp\/v2\/types\/page"}],"author":[{"embeddable":true,"href":"https:\/\/jussec.fi\/index.php\/wp-json\/wp\/v2\/users\/3"}],"replies":[{"embeddable":true,"href":"https:\/\/jussec.fi\/index.php\/wp-json\/wp\/v2\/comments?post=310"}],"version-history":[{"count":1,"href":"https:\/\/jussec.fi\/index.php\/wp-json\/wp\/v2\/pages\/310\/revisions"}],"predecessor-version":[{"id":312,"href":"https:\/\/jussec.fi\/index.php\/wp-json\/wp\/v2\/pages\/310\/revisions\/312"}],"wp:attachment":[{"href":"https:\/\/jussec.fi\/index.php\/wp-json\/wp\/v2\/media?parent=310"}],"curies":[{"name":"wp","href":"https:\/\/api.w.org\/{rel}","templated":true}]}}