{"id":255,"date":"2019-12-09T10:01:15","date_gmt":"2019-12-09T08:01:15","guid":{"rendered":"https:\/\/jussec.fi\/?page_id=255"},"modified":"2019-12-09T10:02:29","modified_gmt":"2019-12-09T08:02:29","slug":"maatalouden-turvallisuus","status":"publish","type":"page","link":"https:\/\/jussec.fi\/index.php\/maatalouden-turvallisuus\/","title":{"rendered":"Maatalouden turvallisuus"},"content":{"rendered":"\t\t<div data-elementor-type=\"wp-page\" data-elementor-id=\"255\" class=\"elementor elementor-255\">\n\t\t\t\t\t\t<section class=\"elementor-section elementor-top-section elementor-element elementor-element-e7cb533 elementor-section-boxed elementor-section-height-default elementor-section-height-default\" data-id=\"e7cb533\" data-element_type=\"section\" data-e-type=\"section\">\n\t\t\t\t\t\t<div class=\"elementor-container elementor-column-gap-default\">\n\t\t\t\t\t<div class=\"elementor-column elementor-col-100 elementor-top-column elementor-element elementor-element-48c6cb19\" data-id=\"48c6cb19\" data-element_type=\"column\" data-e-type=\"column\">\n\t\t\t<div class=\"elementor-widget-wrap elementor-element-populated\">\n\t\t\t\t\t\t<div class=\"elementor-element elementor-element-ffbe2d0 elementor-widget elementor-widget-text-editor\" data-id=\"ffbe2d0\" data-element_type=\"widget\" data-e-type=\"widget\" data-widget_type=\"text-editor.default\">\n\t\t\t\t<div class=\"elementor-widget-container\">\n\t\t\t\t\t\t\t\t\t<ul>\n<li><span>Maaseudun kohteiden riskikartoitukset ja turvasuunnitelmien laatiminen<\/span><\/li>\n<li><span>Turvasuunnitelmien toteutukset ja s\u00e4\u00e4nn\u00f6llinen seuranta vuosittain<\/span><\/li>\n<li><span>K<\/span><span>oulutus lakis\u00e4\u00e4teis<\/span><span>iss\u00e4<\/span><span>\u00a0asi<\/span><span>oissa\u00a0<\/span><span>ja turvallisuusasioissa<\/span><\/li>\n<li><span>T<\/span><span>urvalaitte<\/span><span>iden\u00a0<\/span><span>(<\/span><span>ku<\/span><span>lun<\/span><span>val<\/span><span>v<\/span><span>onta,\u00a0<\/span><span>valvonta<\/span><span>kamerat<\/span><span>) l<\/span><span>aitteistotoimitukset, k\u00e4ytt\u00f6\u00f6notot,\u00a0<\/span><span>ohjeistukset\u00a0<\/span><span>ja\u00a0<\/span><span>huollot.<\/span><\/li>\n<\/ul>\t\t\t\t\t\t\t\t<\/div>\n\t\t\t\t<\/div>\n\t\t\t\t<div class=\"elementor-element elementor-element-341911da elementor-widget elementor-widget-text-editor\" data-id=\"341911da\" data-element_type=\"widget\" data-e-type=\"widget\" data-widget_type=\"text-editor.default\">\n\t\t\t\t<div class=\"elementor-widget-container\">\n\t\t\t\t\t\t\t\t\t\n<div class=\"wp-block-themeisle-blocks-advanced-columns has-undefined-columns has-desktop-undefined-layout has-tablet-equal-layout has-mobile-equal-layout has-default-gap has-vertical-unset\" id=\"wp-block-themeisle-blocks-advanced-columns-7927ca44\" style=\"border-width:0px;border-style:solid;border-color:#000000;border-radius:0px;justify-content:unset\"><div class=\"wp-themeisle-block-overlay\" style=\"opacity:0.5;mix-blend-mode:normal\"><\/div><div class=\"innerblocks-wrap\"><\/div><\/div>\n\t\t\t\t\t\t\t\t<\/div>\n\t\t\t\t<\/div>\n\t\t\t\t\t<\/div>\n\t\t<\/div>\n\t\t\t\t\t<\/div>\n\t\t<\/section>\n\t\t\t\t<section class=\"elementor-section elementor-top-section elementor-element elementor-element-154333a elementor-section-boxed elementor-section-height-default elementor-section-height-default\" data-id=\"154333a\" data-element_type=\"section\" data-e-type=\"section\">\n\t\t\t\t\t\t<div class=\"elementor-container elementor-column-gap-default\">\n\t\t\t\t\t<div class=\"elementor-column elementor-col-100 elementor-top-column elementor-element elementor-element-a551206\" data-id=\"a551206\" data-element_type=\"column\" data-e-type=\"column\">\n\t\t\t<div class=\"elementor-widget-wrap elementor-element-populated\">\n\t\t\t\t\t\t<div class=\"elementor-element elementor-element-218c132 elementor-align-center elementor-widget elementor-widget-button\" data-id=\"218c132\" data-element_type=\"widget\" data-e-type=\"widget\" data-widget_type=\"button.default\">\n\t\t\t\t<div class=\"elementor-widget-container\">\n\t\t\t\t\t\t\t\t\t<div class=\"elementor-button-wrapper\">\n\t\t\t\t\t<a class=\"elementor-button elementor-button-link elementor-size-lg\" href=\"https:\/\/jussec.fi\/index.php\/jussec\/ota-yhteytta\/\">\n\t\t\t\t\t\t<span class=\"elementor-button-content-wrapper\">\n\t\t\t\t\t\t\t\t\t<span class=\"elementor-button-text\">Ota yhteytt\u00e4<\/span>\n\t\t\t\t\t<\/span>\n\t\t\t\t\t<\/a>\n\t\t\t\t<\/div>\n\t\t\t\t\t\t\t\t<\/div>\n\t\t\t\t<\/div>\n\t\t\t\t\t<\/div>\n\t\t<\/div>\n\t\t\t\t\t<\/div>\n\t\t<\/section>\n\t\t\t\t<\/div>\n\t\t","protected":false},"excerpt":{"rendered":"<p>Maaseudun kohteiden riskikartoitukset ja turvasuunnitelmien laatiminen Turvasuunnitelmien toteutukset ja s\u00e4\u00e4nn\u00f6llinen seuranta vuosittain Koulutus lakis\u00e4\u00e4teisiss\u00e4\u00a0asioissa\u00a0ja turvallisuusasioissa Turvalaitteiden\u00a0(kulunvalvonta,\u00a0valvontakamerat) laitteistotoimitukset, k\u00e4ytt\u00f6\u00f6notot,\u00a0ohjeistukset\u00a0ja\u00a0huollot. Ota yhteytt\u00e4<\/p>\n","protected":false},"author":3,"featured_media":0,"parent":0,"menu_order":0,"comment_status":"closed","ping_status":"closed","template":"","meta":{"_exactmetrics_skip_tracking":false,"_exactmetrics_sitenote_active":false,"_exactmetrics_sitenote_note":"","_exactmetrics_sitenote_category":0,"_monsterinsights_skip_tracking":false,"_monsterinsights_sitenote_active":false,"_monsterinsights_sitenote_note":"","_monsterinsights_sitenote_category":0,"footnotes":""},"class_list":["post-255","page","type-page","status-publish","hentry"],"_links":{"self":[{"href":"https:\/\/jussec.fi\/index.php\/wp-json\/wp\/v2\/pages\/255"}],"collection":[{"href":"https:\/\/jussec.fi\/index.php\/wp-json\/wp\/v2\/pages"}],"about":[{"href":"https:\/\/jussec.fi\/index.php\/wp-json\/wp\/v2\/types\/page"}],"author":[{"embeddable":true,"href":"https:\/\/jussec.fi\/index.php\/wp-json\/wp\/v2\/users\/3"}],"replies":[{"embeddable":true,"href":"https:\/\/jussec.fi\/index.php\/wp-json\/wp\/v2\/comments?post=255"}],"version-history":[{"count":3,"href":"https:\/\/jussec.fi\/index.php\/wp-json\/wp\/v2\/pages\/255\/revisions"}],"predecessor-version":[{"id":259,"href":"https:\/\/jussec.fi\/index.php\/wp-json\/wp\/v2\/pages\/255\/revisions\/259"}],"wp:attachment":[{"href":"https:\/\/jussec.fi\/index.php\/wp-json\/wp\/v2\/media?parent=255"}],"curies":[{"name":"wp","href":"https:\/\/api.w.org\/{rel}","templated":true}]}}